{"id":65,"date":"2019-05-28T12:48:24","date_gmt":"2019-05-28T12:48:24","guid":{"rendered":"http:\/\/gemeinde-ploetzkau.de\/?page_id=65"},"modified":"2019-05-31T09:02:00","modified_gmt":"2019-05-31T09:02:00","slug":"impressum","status":"publish","type":"page","link":"https:\/\/gemeinde-ploetzkau.de\/?page_id=65","title":{"rendered":"Impressum"},"content":{"rendered":"\n<p><strong>Angaben gem\u00e4\u00df \u00a7 5 TMG:<\/strong><\/p>\n\n\n\n<p><strong>Herausgeber:<\/strong><\/p>\n\n\n\n<p>Gemeinde Pl\u00f6tzkau<br>Hauptstra\u00dfe 25<br>06425 Pl\u00f6tzkau<\/p>\n\n\n\n<p><strong>Vertreten durch:<\/strong><\/p>\n\n\n\n<p>Herrn B\u00fcrgermeister<br>Peter Rosenhagen<\/p>\n\n\n\n<p><strong>Kontakt:<\/strong><\/p>\n\n\n\n<p>Telefon: +49 (0) 34692 31621<br>Telefax: +49 (0) 34692 31621<br>E-Mail: info@gemeinde-ploetzkau.de<\/p>\n\n\n\n<p><strong>Streitschlichtung<\/strong><\/p>\n\n\n\n<p>Wir sind nicht bereit oder verpflichtet, an Streitbeilegungsverfahren vor einer Verbraucherschlichtungsstelle teilzunehmen.<\/p>\n\n\n\n<p><strong>Haftungsausschluss<\/strong><\/p>\n\n\n\n<p>Der Herausgeber dieser Homepage \u00fcbernimmt keinerlei Gew\u00e4hr f\u00fcr die Aktualit\u00e4t, Korrektheit, Vollst\u00e4ndigkeit oder Qualit\u00e4t der bereitgestellten Informationen. Der Herausgeber beh\u00e4lt es sich ausdr\u00fccklich vor, Teile der Seiten oder das gesamte Angebot ohne gesonderte Ank\u00fcndigung zu ver\u00e4ndern, zu erg\u00e4nzen, zu l\u00f6schen oder die Ver\u00f6ffentlichung zeitweise oder endg\u00fcltig einzustellen. Haftungsanspr\u00fcche gegen den Inhaber, die sich auf Sch\u00e4den materieller oder ideeller Art beziehen, welche durch die Nutzung oder Nichtnutzung der dargebotenen Informationen bzw. durch die Nutzung fehlerhafter und unvollst\u00e4ndiger Informationen verursacht wurden sind ausgeschlossen.<\/p>\n\n\n\n<p>Mit Urteil vom 12. Mai 1998 hat das Landgericht Hamburg entschieden, dass man durch die Anbringung eines Links die Inhalte der gelinkten Seite ggf. mit zu verantworten hat. Dies kann, so das LG, nur dadurch verhindert werden, dass man sich ausdr\u00fccklich von diesen Inhalten distanziert. Wir m\u00f6chten ausdr\u00fccklich betonen, dass wir keinerlei Einfluss auf die Gestaltung und die Inhalte der gelinkten Seiten haben. Deshalb distanzieren wir uns hiermit ausdr\u00fccklich von allen Inhalten aller gelinkter Seiten und machen uns diese nicht zu Eigen. Diese Erkl\u00e4rung gilt f\u00fcr alle innerhalb unserer Seiten, ausgebrachte Links und f\u00fcr alle Inhalte der Seiten, zu denen diese Links f\u00fchren.<\/p>\n\n\n\n<p>F\u00fcr Inhalte und Sch\u00e4den, die aus der Nutzung oder Nichtnutzung durch Links dargebotener Informationen entstehen, haften allein die Anbieter dieser Seiten, nicht derjenige, der \u00fcber Links auf die jeweilige Ver\u00f6ffentlichung lediglich verweist. Diese Einschr\u00e4nkung gilt gleicherma\u00dfen auch f\u00fcr Fremdeintr\u00e4ge in allen interaktiven Elementen dieses Internet-Auftritts. F\u00fcr den Inhalt fremder Seiten ist ausschlie\u00dflich der betreffende Autor selbst verantwortlich.<\/p>\n\n\n\n<p>Die Links und Informationen dieser Homepage werden nur zum Informationsaustausch bereitgestellt und begr\u00fcnden keine gesch\u00e4ftlichen oder beruflichen Beziehungen irgendwelcher Art. Sie sind nicht als Rechts- oder Steuerberatungsleistungen zu verstehen, sondern dienen rein informativen Zwecken. Vor gesch\u00e4ftlichen Entscheidungen setzen Sie sich bitte mit ihrem Steuerberater oder Rechtsanwalt in Verbindung.<\/p>\n\n\n\n<p><strong>Urheberrecht<\/strong><\/p>\n\n\n\n<p>Die Rechte am Inhalt dieses Internet-Auftritts liegen sowohl beim Herausgeber als auch beim Betreiber. Eine Nachnutzung in anderen elektronischen oder gedruckten Publikationen, gleich welcher Art und auch auszugsweise, bedarf der schriftlichen Genehmigung des Herausgebers und des Betreibers.<\/p>\n\n\n\n<p>Alle Rechte am Design und der Technologie dieses Internet-Auftritts liegen beim Betreiber. Eine Nachnutzung, gleich welcher Art und auch auszugsweise, ist ohne schriftliche Genehmigung des Betreibers untersagt. Zuwiderhandlungen werden zivil- und strafrechtlich verfolgt.<\/p>\n\n\n\n<p>Der Herausgeber ist bestrebt, in allen Publikationen die Urheberrechte der verwendeten Grafiken, Sounds und Texte zu beachten, von ihm selbst erstellte Grafiken, Sounds und Texte zu nutzen oder auf lizenzfreie Grafiken, Sounds und Texte zur\u00fcckzugreifen. Sollte sich auf den jeweiligen Seiten dennoch eine ungekennzeichnete, aber durch fremdes Copyright gesch\u00fctzte Grafik, ein Sound oder Text befinden, so konnte das Urheberrecht vom Herausgeber nicht festgestellt werden. Im Falle einer solchen unbeabsichtigten Copyright-Verletzung wird der Herausgeber das entsprechende Objekt nach Benachrichtigung aus seiner Publikation entfernen bzw. mit dem entsprechenden Copyright kenntlich machen.<\/p>\n","protected":false},"excerpt":{"rendered":"<p>Angaben gem\u00e4\u00df \u00a7 5 TMG: Herausgeber: Gemeinde Pl\u00f6tzkauHauptstra\u00dfe 2506425 Pl\u00f6tzkau Vertreten durch: Herrn B\u00fcrgermeisterPeter Rosenhagen Kontakt: Telefon: +49 (0) 34692 31621Telefax: +49 (0) 34692 31621E-Mail: info@gemeinde-ploetzkau.de Streitschlichtung Wir sind nicht bereit oder verpflichtet, an Streitbeilegungsverfahren vor einer Verbraucherschlichtungsstelle teilzunehmen. Haftungsausschluss<\/p>\n","protected":false},"author":2,"featured_media":0,"parent":0,"menu_order":0,"comment_status":"closed","ping_status":"closed","template":"","meta":{"footnotes":""},"class_list":["post-65","page","type-page","status-publish","hentry","","tg-column-two"],"_links":{"self":[{"href":"https:\/\/gemeinde-ploetzkau.de\/index.php?rest_route=\/wp\/v2\/pages\/65","targetHints":{"allow":["GET"]}}],"collection":[{"href":"https:\/\/gemeinde-ploetzkau.de\/index.php?rest_route=\/wp\/v2\/pages"}],"about":[{"href":"https:\/\/gemeinde-ploetzkau.de\/index.php?rest_route=\/wp\/v2\/types\/page"}],"author":[{"embeddable":true,"href":"https:\/\/gemeinde-ploetzkau.de\/index.php?rest_route=\/wp\/v2\/users\/2"}],"replies":[{"embeddable":true,"href":"https:\/\/gemeinde-ploetzkau.de\/index.php?rest_route=%2Fwp%2Fv2%2Fcomments&post=65"}],"version-history":[{"count":1,"href":"https:\/\/gemeinde-ploetzkau.de\/index.php?rest_route=\/wp\/v2\/pages\/65\/revisions"}],"predecessor-version":[{"id":66,"href":"https:\/\/gemeinde-ploetzkau.de\/index.php?rest_route=\/wp\/v2\/pages\/65\/revisions\/66"}],"wp:attachment":[{"href":"https:\/\/gemeinde-ploetzkau.de\/index.php?rest_route=%2Fwp%2Fv2%2Fmedia&parent=65"}],"curies":[{"name":"wp","href":"https:\/\/api.w.org\/{rel}","templated":true}]}}