{"id":365,"date":"2022-02-09T09:30:15","date_gmt":"2022-02-09T09:30:15","guid":{"rendered":"https:\/\/gemeinde-ploetzkau.de\/?page_id=365"},"modified":"2022-08-31T11:43:52","modified_gmt":"2022-08-31T11:43:52","slug":"%ef%bf%bc","status":"publish","type":"page","link":"https:\/\/gemeinde-ploetzkau.de\/?page_id=365","title":{"rendered":"EFRE"},"content":{"rendered":"\n<figure class=\"wp-block-image size-full\"><img loading=\"lazy\" decoding=\"async\" width=\"605\" height=\"126\" src=\"https:\/\/gemeinde-ploetzkau.de\/wp-content\/uploads\/2022\/02\/grafik.png\" alt=\"\" class=\"wp-image-366\" srcset=\"https:\/\/gemeinde-ploetzkau.de\/wp-content\/uploads\/2022\/02\/grafik.png 605w, https:\/\/gemeinde-ploetzkau.de\/wp-content\/uploads\/2022\/02\/grafik-300x62.png 300w\" sizes=\"auto, (max-width: 605px) 100vw, 605px\" \/><\/figure>\n\n\n\n<p><strong>Machbarkeitsstudie mit Variantenuntersuchung zur Verbesserung des Hochwasserschutzes der Ortslage Pl\u00f6tzkau im Rahmen des Kommunalen Hochwasserschutzes<\/strong><\/p>\n\n\n\n<p class=\"has-text-align-left\">Gegenw\u00e4rtig ist die Ortslage Pl\u00f6tzkau nicht durch Hochwasserschutzanlagen gesichert. Im Hochwasserfall werden Teile der Ortslage \u00fcberflutet. Dieser Zustand kann einige Wochen andauern und wird durch die verlandeten Altw\u00e4sser der Saale, die einen z\u00fcgigen R\u00fcckgang des Hochwassers verhindern, beg\u00fcnstigt.<\/p>\n\n\n\n<p class=\"has-text-align-left\">Das langfristige Ziel der Vertreter der Gemeinde Pl\u00f6tzkau und der Verbandsgemeinde Saale-Wipper ist es, den Schutz der Ortslage Pl\u00f6tzkau vor den direkten Auswirkungen eines Saalehochwassers und vor dessen Nachwirkungen durch den verz\u00f6gerten Abfluss sicherzustellen.<\/p>\n\n\n\n<p class=\"has-text-align-left\">Dazu sollen 3 Szenarien auf ihre Realisierung auf Vorplanungsniveau (vgl. LP 2 HOAI 2013) untersucht werden. Neben der technischen Realisierbarkeit, der hydraulischen Modellierung und einer Kosten-Nutzen-Analyse sind die Belange des Naturschutzes bei den unterschiedlichen Szenarien zu bewerten.<\/p>\n\n\n\n<p class=\"has-text-align-left\">F\u00fcr das Vorhaben hat die Gemeinde Pl\u00f6tzkau F\u00f6rdermittel aus dem EFRE-Fond beantragt und bewilligt bekommen. Die Finanzierung ist dadurch gesichert. Die gesch\u00e4tzten Gesamtausgaben der Ma\u00dfnahme betragen ca. 169.307,00 \u20ac. Die Leistungen sind bis zum Ende des Jahres 2022 zu erbringen und werden zu 80 % gef\u00f6rdert.<\/p>\n\n\n\n<p class=\"has-text-align-center\">* * * * *<\/p>\n\n\n\n<p><strong>2. Bauabschnittt &#8211; Stra\u00dfenausbau M\u00fchlweg im OT Br\u00fcndel in der Gemeinde Pl\u00f6tzkau<\/strong><\/p>\n\n\n\n<p>Die Gemeinde Pl\u00f6tzkau hat am 20.02.2020 f\u00fcr die Stra\u00dfenausbauma\u00dfnahme im M\u00fchlweg im OT Br\u00fcndel in Pl\u00f6tzkau F\u00f6rdermittel nach der Richtlinie \u00fcber die Gew\u00e4hrung von Zuwendungen zur F\u00f6rderung integrierten Gemeindeentwicklungskonzepten (RIGEK) des Landes Sachsen-Anhalts beantragt. Am 03.05.2021 erging der Zuwendungsbescheid f\u00fcr dieses Vorhaben durch das Amt f\u00fcr Landwirtschaft, Flurneuordnung und Forsten Mitte.<\/p>\n\n\n\n<p>Das Vorhaben wird im Rahmen des Entwicklungsprogramms f\u00fcr den l\u00e4ndlichen Raum des Landes Sachsen-Anhalts unter Beteiligung des Bundes aus Mitteln der Gemeinschaftsma\u00dfnahme \u201eVerbesserung der Agrarstruktur und des K\u00fcstenschutzes\u201c (GAK) gef\u00f6rdert.<\/p>\n\n\n\n<p>Die Finanzierung ist dadurch gesichert. Die gesch\u00e4tzten Gesamtausgaben der Ma\u00dfnahme betragen ca. 226.123,00 \u20ac. Die Zuwendung wird mit 75 % der f\u00f6rderf\u00e4higen Investitionsausgaben gew\u00e4hrt. Der Eigenanteil von 25 % wird durch die Gemeinde Pl\u00f6tzkau finanziert.<\/p>\n\n\n\n<p>Mit dem Ausbau des 2. Bauabschnittes wird der d\u00f6rfliche Charakter des OT Br\u00fcndel verbessert. Die Lebens- und Wohnqualit\u00e4t wird deutlich gehoben und die Ansiedlung von jungen Familien auf den noch freien Baupl\u00e4tzen beg\u00fcnstigt. Durch den grundhaften Stra\u00dfenausbau werden die qualitativ ansprechenden Mindeststandards im l\u00e4ndlichen Raum gesichert.<\/p>\n\n\n\n<p>Die Leistungen sollen 2021\/2022 zur Ausf\u00fchrung kommen.<\/p>\n\n\n\n<hr class=\"wp-block-separator has-css-opacity\"\/>\n\n\n\n<figure class=\"wp-block-image size-full\"><img loading=\"lazy\" decoding=\"async\" width=\"605\" height=\"105\" src=\"https:\/\/gemeinde-ploetzkau.de\/wp-content\/uploads\/2022\/02\/grafik-1.png\" alt=\"\" class=\"wp-image-367\" srcset=\"https:\/\/gemeinde-ploetzkau.de\/wp-content\/uploads\/2022\/02\/grafik-1.png 605w, https:\/\/gemeinde-ploetzkau.de\/wp-content\/uploads\/2022\/02\/grafik-1-300x52.png 300w\" sizes=\"auto, (max-width: 605px) 100vw, 605px\" \/><\/figure>\n","protected":false},"excerpt":{"rendered":"<p>Machbarkeitsstudie mit Variantenuntersuchung zur Verbesserung des Hochwasserschutzes der Ortslage Pl\u00f6tzkau im Rahmen des Kommunalen Hochwasserschutzes Gegenw\u00e4rtig ist die Ortslage Pl\u00f6tzkau nicht durch Hochwasserschutzanlagen gesichert. Im Hochwasserfall werden Teile der Ortslage \u00fcberflutet. Dieser Zustand kann einige Wochen andauern und wird durch<\/p>\n","protected":false},"author":2,"featured_media":0,"parent":0,"menu_order":0,"comment_status":"closed","ping_status":"closed","template":"","meta":{"footnotes":""},"class_list":["post-365","page","type-page","status-publish","hentry","","tg-column-two"],"_links":{"self":[{"href":"https:\/\/gemeinde-ploetzkau.de\/index.php?rest_route=\/wp\/v2\/pages\/365","targetHints":{"allow":["GET"]}}],"collection":[{"href":"https:\/\/gemeinde-ploetzkau.de\/index.php?rest_route=\/wp\/v2\/pages"}],"about":[{"href":"https:\/\/gemeinde-ploetzkau.de\/index.php?rest_route=\/wp\/v2\/types\/page"}],"author":[{"embeddable":true,"href":"https:\/\/gemeinde-ploetzkau.de\/index.php?rest_route=\/wp\/v2\/users\/2"}],"replies":[{"embeddable":true,"href":"https:\/\/gemeinde-ploetzkau.de\/index.php?rest_route=%2Fwp%2Fv2%2Fcomments&post=365"}],"version-history":[{"count":7,"href":"https:\/\/gemeinde-ploetzkau.de\/index.php?rest_route=\/wp\/v2\/pages\/365\/revisions"}],"predecessor-version":[{"id":506,"href":"https:\/\/gemeinde-ploetzkau.de\/index.php?rest_route=\/wp\/v2\/pages\/365\/revisions\/506"}],"wp:attachment":[{"href":"https:\/\/gemeinde-ploetzkau.de\/index.php?rest_route=%2Fwp%2Fv2%2Fmedia&parent=365"}],"curies":[{"name":"wp","href":"https:\/\/api.w.org\/{rel}","templated":true}]}}