{"id":30,"date":"2019-05-28T10:34:18","date_gmt":"2019-05-28T10:34:18","guid":{"rendered":"http:\/\/gemeinde-ploetzkau.de\/?page_id=30"},"modified":"2026-04-04T07:07:15","modified_gmt":"2026-04-04T06:07:15","slug":"willkommen-in-der-gemeinde-ploetzkau","status":"publish","type":"page","link":"https:\/\/gemeinde-ploetzkau.de\/","title":{"rendered":"WILLKOMMEN"},"content":{"rendered":"\n\n\n\n\n<p><\/p>\n\n\n\n<p><\/p>\n\n\n\n<h2 class=\"wp-block-heading\" id=\"willkommen-in-der-gemeinde-plotzkau\">WILLKOMMEN IN DER GEMEINDE PL\u00d6TZKAU<\/h2>\n\n\n<div class=\"wp-block-image\">\n<figure class=\"alignright\"><img loading=\"lazy\" decoding=\"async\" width=\"139\" height=\"177\" src=\"https:\/\/gemeinde-ploetzkau.de\/wp-content\/uploads\/2019\/05\/bm001.jpg\" alt=\"\" class=\"wp-image-32\"\/><\/figure>\n<\/div>\n\n\n<p class=\"has-text-align-left\">Liebe Mitb\u00fcrgerinnen und Mitb\u00fcrger, <br>liebe Besucher und G\u00e4ste,<\/p>\n\n\n\n<p><\/p>\n\n\n\n<p class=\"has-text-align-left\">das Schloss Pl\u00f6tzkau, die reizvolle Landschaft und intakte Natur sowie die Lage Saaletal, aber auch die N\u00e4he zum Harz und den Gro\u00dfst\u00e4dten Halle und Magdeburg zieht jedes Jahr zahlreiche G\u00e4ste und Besucher an. Dieses besondere Fleckchen &#8222;Erde&#8220; genie\u00dfen Alteingessene genauso wie Neub\u00fcrgerinnen und Neub\u00fcrger.<\/p>\n\n\n\n<p><\/p>\n\n\n\n<p>Wenn Sie in unserer Gemeinde sind, versichere ich Ihnen, dass sich die B\u00fcrgerinnen und B\u00fcrger sowie Vereine und Organisationen auf Sie freuen und Sie einladen, aktiv am Dorfgeschehen teilzunehmen. So kann auch f\u00fcr Sie Pl\u00f6tzkau zur lebens- und liebenswerten dauerhaften oder kurzfristigen Heimat werden.<\/p>\n\n\n\n<p><\/p>\n\n\n\n<p>Peter Rosenhagen<br>B\u00fcrgermeister<\/p>\n\n\n\n<p><strong>Derzeit wird unsere Homepage aktualisiert, daraus resultiert ein eingeschr\u00e4nkter Zugriff auf die Inhalte. Wir bitten dies zu entschuldigen.<\/strong><\/p>\n\n\n\n<hr class=\"wp-block-separator has-alpha-channel-opacity\"\/>\n\n\n\n<figure class=\"wp-block-image size-full is-style-default\"><a href=\"https:\/\/gemeinde-ploetzkau.de\/?page_id=607\"><img loading=\"lazy\" decoding=\"async\" width=\"904\" height=\"294\" src=\"https:\/\/gemeinde-ploetzkau.de\/wp-content\/uploads\/2026\/04\/dorfgeschichten.jpg\" alt=\"\" class=\"wp-image-662\" srcset=\"https:\/\/gemeinde-ploetzkau.de\/wp-content\/uploads\/2026\/04\/dorfgeschichten.jpg 904w, https:\/\/gemeinde-ploetzkau.de\/wp-content\/uploads\/2026\/04\/dorfgeschichten-300x98.jpg 300w, https:\/\/gemeinde-ploetzkau.de\/wp-content\/uploads\/2026\/04\/dorfgeschichten-768x250.jpg 768w, https:\/\/gemeinde-ploetzkau.de\/wp-content\/uploads\/2026\/04\/dorfgeschichten-500x163.jpg 500w\" sizes=\"auto, (max-width: 904px) 100vw, 904px\" \/><\/a><\/figure>\n\n\n\n<hr class=\"wp-block-separator has-alpha-channel-opacity\"\/>\n\n\n<div class=\"wp-block-image\">\n<figure class=\"aligncenter size-full is-resized\"><a href=\"https:\/\/gemeinde-ploetzkau.de\/?p=519\"><img loading=\"lazy\" decoding=\"async\" width=\"429\" height=\"82\" src=\"https:\/\/gemeinde-ploetzkau.de\/wp-content\/uploads\/2025\/07\/unser_shopp01.png\" alt=\"Unser Schopp\" class=\"wp-image-520\" style=\"width:429px;height:auto\" srcset=\"https:\/\/gemeinde-ploetzkau.de\/wp-content\/uploads\/2025\/07\/unser_shopp01.png 429w, https:\/\/gemeinde-ploetzkau.de\/wp-content\/uploads\/2025\/07\/unser_shopp01-300x57.png 300w\" sizes=\"auto, (max-width: 429px) 100vw, 429px\" \/><\/a><\/figure>\n<\/div>\n\n\n<p class=\"has-text-align-center\"><strong>Alle Infos, Pr\u00e4sentation der Info-Veranstaltung vom 03.09.2025 und Abo-Anmeldung erreichen Sie durch einen Klick auf den vorstehenden Button &#8222;Unser Schopp&#8220;.<\/strong><\/p>\n\n\n\n<hr class=\"wp-block-separator has-alpha-channel-opacity\"\/>\n\n\n\n<p><strong><a href=\"https:\/\/gemeinde-ploetzkau.de\/?page_id=365\">Machbarkeitsstudie mit Variantenuntersuchung zur Verbesserung des Hochwasserschutzes der Ortslage Pl\u00f6tzkau im Rahmen des Kommunalen Hochwasserschutzes<\/a><\/strong><br><\/p>\n\n\n\n<p><strong><a href=\"https:\/\/gemeinde-ploetzkau.de\/?page_id=365\">2. Bauabschnitt &#8211; Stra\u00dfenausbau M\u00fchlweg im OT Br\u00fcndel in der Gemeinde Pl\u00f6tzkau<\/a><\/strong><\/p>\n\n\n\n<p><\/p>\n\n\n\n<figure class=\"wp-block-image size-large\"><a href=\"https:\/\/gemeinde-ploetzkau.de\/?page_id=365\"><img loading=\"lazy\" decoding=\"async\" width=\"1024\" height=\"177\" src=\"https:\/\/gemeinde-ploetzkau.de\/wp-content\/uploads\/2022\/02\/EFRE_rgb_print-1024x177.jpg\" alt=\"\" class=\"wp-image-358\" srcset=\"https:\/\/gemeinde-ploetzkau.de\/wp-content\/uploads\/2022\/02\/EFRE_rgb_print-1024x177.jpg 1024w, https:\/\/gemeinde-ploetzkau.de\/wp-content\/uploads\/2022\/02\/EFRE_rgb_print-300x52.jpg 300w, https:\/\/gemeinde-ploetzkau.de\/wp-content\/uploads\/2022\/02\/EFRE_rgb_print-768x133.jpg 768w, https:\/\/gemeinde-ploetzkau.de\/wp-content\/uploads\/2022\/02\/EFRE_rgb_print.jpg 1433w\" sizes=\"auto, (max-width: 1024px) 100vw, 1024px\" \/><\/a><\/figure>\n\n\n\n<p><\/p>\n","protected":false},"excerpt":{"rendered":"<p>WILLKOMMEN IN DER GEMEINDE PL\u00d6TZKAU Liebe Mitb\u00fcrgerinnen und Mitb\u00fcrger, liebe Besucher und G\u00e4ste, das Schloss Pl\u00f6tzkau, die reizvolle Landschaft und intakte Natur sowie die Lage Saaletal, aber auch die N\u00e4he zum Harz und den Gro\u00dfst\u00e4dten Halle und Magdeburg zieht jedes<\/p>\n","protected":false},"author":2,"featured_media":0,"parent":0,"menu_order":0,"comment_status":"closed","ping_status":"closed","template":"","meta":{"footnotes":""},"class_list":["post-30","page","type-page","status-publish","hentry","","tg-column-two"],"_links":{"self":[{"href":"https:\/\/gemeinde-ploetzkau.de\/index.php?rest_route=\/wp\/v2\/pages\/30","targetHints":{"allow":["GET"]}}],"collection":[{"href":"https:\/\/gemeinde-ploetzkau.de\/index.php?rest_route=\/wp\/v2\/pages"}],"about":[{"href":"https:\/\/gemeinde-ploetzkau.de\/index.php?rest_route=\/wp\/v2\/types\/page"}],"author":[{"embeddable":true,"href":"https:\/\/gemeinde-ploetzkau.de\/index.php?rest_route=\/wp\/v2\/users\/2"}],"replies":[{"embeddable":true,"href":"https:\/\/gemeinde-ploetzkau.de\/index.php?rest_route=%2Fwp%2Fv2%2Fcomments&post=30"}],"version-history":[{"count":41,"href":"https:\/\/gemeinde-ploetzkau.de\/index.php?rest_route=\/wp\/v2\/pages\/30\/revisions"}],"predecessor-version":[{"id":665,"href":"https:\/\/gemeinde-ploetzkau.de\/index.php?rest_route=\/wp\/v2\/pages\/30\/revisions\/665"}],"wp:attachment":[{"href":"https:\/\/gemeinde-ploetzkau.de\/index.php?rest_route=%2Fwp%2Fv2%2Fmedia&parent=30"}],"curies":[{"name":"wp","href":"https:\/\/api.w.org\/{rel}","templated":true}]}}