{"id":222,"date":"2019-06-03T08:38:14","date_gmt":"2019-06-03T08:38:14","guid":{"rendered":"http:\/\/gemeinde-ploetzkau.de\/?page_id=222"},"modified":"2025-07-26T06:40:42","modified_gmt":"2025-07-26T06:40:42","slug":"gemeinderat","status":"publish","type":"page","link":"https:\/\/gemeinde-ploetzkau.de\/?page_id=222","title":{"rendered":"Gemeinderat"},"content":{"rendered":"\n<p>Dem Gemeinderat Pl\u00f6tzkau geh\u00f6ren 2 Ratsfrauen, 9 Ratsherren und der B\u00fcrgermeister an.<\/p>\n\n\n\n<p>Ein Sitz bleibt unbesetzt.<\/p>\n\n\n\n<p>Die Ratsmitglieder werden von den B\u00fcrgerinnen und B\u00fcrgern f\u00fcr eine Amtszeit von 5 Jahren, der B\u00fcrgermeister f\u00fcr eine Amtszeit von 7 Jahren gew\u00e4hlt. Die letzten Gemeindratswahlen fanden am 09. Juni 2024 statt.<\/p>\n\n\n\n<p>Der am 09.06. 2024 gew\u00e4hlte Gemeinderat setzt sich wie folgt zusammen:<\/p>\n\n\n\n<figure class=\"wp-block-image size-full\"><img loading=\"lazy\" decoding=\"async\" width=\"827\" height=\"255\" src=\"https:\/\/gemeinde-ploetzkau.de\/wp-content\/uploads\/2025\/07\/wahl2024.png\" alt=\"\" class=\"wp-image-525\" srcset=\"https:\/\/gemeinde-ploetzkau.de\/wp-content\/uploads\/2025\/07\/wahl2024.png 827w, https:\/\/gemeinde-ploetzkau.de\/wp-content\/uploads\/2025\/07\/wahl2024-300x93.png 300w, https:\/\/gemeinde-ploetzkau.de\/wp-content\/uploads\/2025\/07\/wahl2024-768x237.png 768w\" sizes=\"auto, (max-width: 827px) 100vw, 827px\" \/><\/figure>\n\n\n\n<figure class=\"wp-block-table\"><table class=\"has-fixed-layout\"><tbody><tr><td>B\u00fcrgermeister:<\/td><td>Peter Rosenhagen (parteilos)<\/td><\/tr><tr><td> <\/td><td><\/td><\/tr><tr><td>CDU:<\/td><td>Cord Rose-Borsum<\/td><\/tr><tr><td> <\/td><td><\/td><\/tr><tr><td>FDP:<\/td><td>Manuela Palatini<\/td><\/tr><tr><td> <\/td><td><\/td><\/tr><tr><td>DIE LINKE:<\/td><td>Alexander Weimann<\/td><\/tr><tr><td><\/td><td><\/td><\/tr><tr><td>Freie W\u00e4hler Pl\u00f6tzkau:<\/td><td>Tino Amelang<\/td><\/tr><tr><td><\/td><td>Ingolf Freimann<\/td><\/tr><tr><td><\/td><td>Ivo Holzh\u00e4user<\/td><\/tr><tr><td><\/td><td>Jens Knauft<\/td><\/tr><tr><td><\/td><td>Stephan Osterland<\/td><\/tr><tr><td><\/td><td>J\u00f6rg Overkamp<\/td><\/tr><tr><td><\/td><td>Ines Querfurth<\/td><\/tr><tr><td><\/td><td>Torsten Querfurth<\/td><\/tr><\/tbody><\/table><\/figure>\n\n\n\n<p>Wer sich aus erster Hand \u00fcber die kommunalpolitische Arbeit des Gemeinderates informieren m\u00f6chte, ist sehr herzlich zu den \u00f6ffentlichen Sitzungen des Gemeinderates eingeladen, die regelm\u00e4\u00dfig im kleinen Saal des Hauses der Vereine stattfinden. <\/p>\n\n\n\n<p><\/p>\n\n\n\n<p><\/p>\n","protected":false},"excerpt":{"rendered":"<p>Dem Gemeinderat Pl\u00f6tzkau geh\u00f6ren 2 Ratsfrauen, 9 Ratsherren und der B\u00fcrgermeister an. Ein Sitz bleibt unbesetzt. Die Ratsmitglieder werden von den B\u00fcrgerinnen und B\u00fcrgern f\u00fcr eine Amtszeit von 5 Jahren, der B\u00fcrgermeister f\u00fcr eine Amtszeit von 7 Jahren gew\u00e4hlt. Die<\/p>\n","protected":false},"author":2,"featured_media":0,"parent":0,"menu_order":0,"comment_status":"closed","ping_status":"closed","template":"","meta":{"footnotes":""},"class_list":["post-222","page","type-page","status-publish","hentry","","tg-column-two"],"_links":{"self":[{"href":"https:\/\/gemeinde-ploetzkau.de\/index.php?rest_route=\/wp\/v2\/pages\/222","targetHints":{"allow":["GET"]}}],"collection":[{"href":"https:\/\/gemeinde-ploetzkau.de\/index.php?rest_route=\/wp\/v2\/pages"}],"about":[{"href":"https:\/\/gemeinde-ploetzkau.de\/index.php?rest_route=\/wp\/v2\/types\/page"}],"author":[{"embeddable":true,"href":"https:\/\/gemeinde-ploetzkau.de\/index.php?rest_route=\/wp\/v2\/users\/2"}],"replies":[{"embeddable":true,"href":"https:\/\/gemeinde-ploetzkau.de\/index.php?rest_route=%2Fwp%2Fv2%2Fcomments&post=222"}],"version-history":[{"count":11,"href":"https:\/\/gemeinde-ploetzkau.de\/index.php?rest_route=\/wp\/v2\/pages\/222\/revisions"}],"predecessor-version":[{"id":528,"href":"https:\/\/gemeinde-ploetzkau.de\/index.php?rest_route=\/wp\/v2\/pages\/222\/revisions\/528"}],"wp:attachment":[{"href":"https:\/\/gemeinde-ploetzkau.de\/index.php?rest_route=%2Fwp%2Fv2%2Fmedia&parent=222"}],"curies":[{"name":"wp","href":"https:\/\/api.w.org\/{rel}","templated":true}]}}