{"id":183,"date":"2019-06-01T20:19:08","date_gmt":"2019-06-01T20:19:08","guid":{"rendered":"http:\/\/gemeinde-ploetzkau.de\/?page_id=183"},"modified":"2019-06-01T21:06:13","modified_gmt":"2019-06-01T21:06:13","slug":"hinweis-ideenzettel","status":"publish","type":"page","link":"https:\/\/gemeinde-ploetzkau.de\/?page_id=183","title":{"rendered":"Hinweis-\/Ideenzettel"},"content":{"rendered":"\n<p>Sehr geehrte B\u00fcrgerinnen und B\u00fcrger, sehr geehrte G\u00e4ste,<\/p>\n\n\n\n<p>unter dem Motto &#8222;Viele sehen mehr&#8220; m\u00f6chten wir Sie um Ihre Mithilfe bitten. F\u00fcr Ihre Hinweise sind wir Ihnen dankbar.<\/p>\n\n\n\n<p>Ist Ihnen etwas aufgefallen? Mit diesem Formular haben Sie die Gelegenheit, uns dies mitzuteilen.<\/p>\n\n\n\n<p>Vielen Dank!<\/p>\n\n\n\n<div class=\"wpcf7 no-js\" id=\"wpcf7-f182-o1\" lang=\"de-DE\" dir=\"ltr\" data-wpcf7-id=\"182\">\n<div class=\"screen-reader-response\"><p role=\"status\" aria-live=\"polite\" aria-atomic=\"true\"><\/p> <ul><\/ul><\/div>\n<form action=\"\/index.php?rest_route=%2Fwp%2Fv2%2Fpages%2F183#wpcf7-f182-o1\" method=\"post\" class=\"wpcf7-form init\" aria-label=\"Kontaktformular\" novalidate=\"novalidate\" data-status=\"init\">\n<fieldset class=\"hidden-fields-container\"><input type=\"hidden\" name=\"_wpcf7\" value=\"182\" \/><input type=\"hidden\" name=\"_wpcf7_version\" value=\"6.1.5\" \/><input type=\"hidden\" name=\"_wpcf7_locale\" value=\"de_DE\" \/><input type=\"hidden\" name=\"_wpcf7_unit_tag\" value=\"wpcf7-f182-o1\" \/><input type=\"hidden\" name=\"_wpcf7_container_post\" value=\"0\" \/><input type=\"hidden\" name=\"_wpcf7_posted_data_hash\" value=\"\" \/><input type=\"hidden\" name=\"_wpcf7_recaptcha_response\" value=\"\" \/>\n<\/fieldset>\n<p>Name, Vorname (Pflichtfeld):<br \/>\n<span class=\"wpcf7-form-control-wrap\" data-name=\"Name\"><input size=\"40\" maxlength=\"400\" class=\"wpcf7-form-control wpcf7-text wpcf7-validates-as-required\" aria-required=\"true\" aria-invalid=\"false\" value=\"\" type=\"text\" name=\"Name\" \/><\/span><br \/>\nAnschrift:<br \/>\n<span class=\"wpcf7-form-control-wrap\" data-name=\"Anschrift\"><input size=\"40\" maxlength=\"400\" class=\"wpcf7-form-control wpcf7-text\" aria-invalid=\"false\" value=\"\" type=\"text\" name=\"Anschrift\" \/><\/span><br \/>\nTelefon:<br \/>\n<span class=\"wpcf7-form-control-wrap\" data-name=\"Telefon\"><input size=\"40\" maxlength=\"400\" class=\"wpcf7-form-control wpcf7-text\" aria-invalid=\"false\" value=\"\" type=\"text\" name=\"Telefon\" \/><\/span><br \/>\nE-Mail (Pflichtfeld):<br \/>\n<span class=\"wpcf7-form-control-wrap\" data-name=\"E-Mail\"><input size=\"40\" maxlength=\"400\" class=\"wpcf7-form-control wpcf7-email wpcf7-validates-as-required wpcf7-text wpcf7-validates-as-email\" aria-required=\"true\" aria-invalid=\"false\" value=\"\" type=\"email\" name=\"E-Mail\" \/><\/span><br \/>\nIn welchen Ortsteil ist Ihnen etwas aufgefallen:<br \/>\n<br \/>\n<span class=\"wpcf7-form-control-wrap\" data-name=\"Ortsteil\"><select class=\"wpcf7-form-control wpcf7-select\" aria-invalid=\"false\" name=\"Ortsteil\"><option value=\"Pl\u00f6tzkau\">Pl\u00f6tzkau<\/option><option value=\"Br\u00fcndel\">Br\u00fcndel<\/option><option value=\"Gro\u00dfwirschleben\">Gro\u00dfwirschleben<\/option><\/select><\/span><br \/>\n<br \/>\nGenaue Ortsangabe:<br \/>\n<span class=\"wpcf7-form-control-wrap\" data-name=\"Ortsangabe\"><textarea cols=\"40\" rows=\"10\" maxlength=\"2000\" class=\"wpcf7-form-control wpcf7-textarea\" aria-invalid=\"false\" name=\"Ortsangabe\"><\/textarea><\/span><br \/>\nWelchen Hinweis wollen Sie uns mitteilen:<br \/>\n<br \/>\n<span class=\"wpcf7-form-control-wrap\" data-name=\"Absackung\"><span class=\"wpcf7-form-control wpcf7-checkbox\"><span class=\"wpcf7-list-item first last\"><input type=\"checkbox\" name=\"Absackung[]\" value=\"Absackung an Kanaldeckeln oder Stra\u00dfeneinl\u00e4ufen\" \/><span class=\"wpcf7-list-item-label\">Absackung an Kanaldeckeln oder Stra\u00dfeneinl\u00e4ufen<\/span><\/span><\/span><\/span><br \/>\n<span class=\"wpcf7-form-control-wrap\" data-name=\"Beschaedigung_Anpflanzung\"><span class=\"wpcf7-form-control wpcf7-checkbox\"><span class=\"wpcf7-list-item first last\"><input type=\"checkbox\" name=\"Beschaedigung_Anpflanzung[]\" value=\"Besch\u00e4digung von Anpflanzungen\" \/><span class=\"wpcf7-list-item-label\">Besch\u00e4digung von Anpflanzungen<\/span><\/span><\/span><\/span><br \/>\n<span class=\"wpcf7-form-control-wrap\" data-name=\"Beschaedigung_Bank\"><span class=\"wpcf7-form-control wpcf7-checkbox\"><span class=\"wpcf7-list-item first last\"><input type=\"checkbox\" name=\"Beschaedigung_Bank[]\" value=\"Besch\u00e4digung von B\u00e4nken\" \/><span class=\"wpcf7-list-item-label\">Besch\u00e4digung von B\u00e4nken<\/span><\/span><\/span><\/span><br \/>\n<span class=\"wpcf7-form-control-wrap\" data-name=\"Beschaedigung_Spielplatz\"><span class=\"wpcf7-form-control wpcf7-checkbox\"><span class=\"wpcf7-list-item first last\"><input type=\"checkbox\" name=\"Beschaedigung_Spielplatz[]\" value=\"Besch\u00e4digung von Spielplatzger\u00e4ten\" \/><span class=\"wpcf7-list-item-label\">Besch\u00e4digung von Spielplatzger\u00e4ten<\/span><\/span><\/span><\/span><br \/>\n<span class=\"wpcf7-form-control-wrap\" data-name=\"Schadhafte_Fahrbahn\"><span class=\"wpcf7-form-control wpcf7-checkbox\"><span class=\"wpcf7-list-item first last\"><input type=\"checkbox\" name=\"Schadhafte_Fahrbahn[]\" value=\"Schadhafte Fahrbahn\" \/><span class=\"wpcf7-list-item-label\">Schadhafte Fahrbahn<\/span><\/span><\/span><\/span><br \/>\n<span class=\"wpcf7-form-control-wrap\" data-name=\"Schadhafter_Buergersteig\"><span class=\"wpcf7-form-control wpcf7-checkbox\"><span class=\"wpcf7-list-item first last\"><input type=\"checkbox\" name=\"Schadhafter_Buergersteig[]\" value=\"Schadhafter B\u00fcrgersteig\" \/><span class=\"wpcf7-list-item-label\">Schadhafter B\u00fcrgersteig<\/span><\/span><\/span><\/span><br \/>\n<span class=\"wpcf7-form-control-wrap\" data-name=\"Defekte_Strassenbeleuchtung\"><span class=\"wpcf7-form-control wpcf7-checkbox\"><span class=\"wpcf7-list-item first last\"><input type=\"checkbox\" name=\"Defekte_Strassenbeleuchtung[]\" value=\"Defekte Stra\u00dfenbeleuchtung\" \/><span class=\"wpcf7-list-item-label\">Defekte Stra\u00dfenbeleuchtung<\/span><\/span><\/span><\/span><br \/>\n<span class=\"wpcf7-form-control-wrap\" data-name=\"Unpassierbarer_Fussweg\"><span class=\"wpcf7-form-control wpcf7-checkbox\"><span class=\"wpcf7-list-item first last\"><input type=\"checkbox\" name=\"Unpassierbarer_Fussweg[]\" value=\"Unpassierbarer Fu\u00dfweg\" \/><span class=\"wpcf7-list-item-label\">Unpassierbarer Fu\u00dfweg<\/span><\/span><\/span><\/span><br \/>\n<span class=\"wpcf7-form-control-wrap\" data-name=\"Unpassierbarer_Wanderweg\"><span class=\"wpcf7-form-control wpcf7-checkbox\"><span class=\"wpcf7-list-item first last\"><input type=\"checkbox\" name=\"Unpassierbarer_Wanderweg[]\" value=\"Unpassierbarer Wanderweg\" \/><span class=\"wpcf7-list-item-label\">Unpassierbarer Wanderweg<\/span><\/span><\/span><\/span><br \/>\n<span class=\"wpcf7-form-control-wrap\" data-name=\"Unpassierbarer_Radweg\"><span class=\"wpcf7-form-control wpcf7-checkbox\"><span class=\"wpcf7-list-item first last\"><input type=\"checkbox\" name=\"Unpassierbarer_Radweg[]\" value=\"Unpassierbarer Radweg\" \/><span class=\"wpcf7-list-item-label\">Unpassierbarer Radweg<\/span><\/span><\/span><\/span><br \/>\n<span class=\"wpcf7-form-control-wrap\" data-name=\"Beschaedigung_Schild\"><span class=\"wpcf7-form-control wpcf7-checkbox\"><span class=\"wpcf7-list-item first last\"><input type=\"checkbox\" name=\"Beschaedigung_Schild[]\" value=\"Verkehrsschild oder Stra\u00dfenschild besch\u00e4digt\" \/><span class=\"wpcf7-list-item-label\">Verkehrsschild oder Stra\u00dfenschild besch\u00e4digt<\/span><\/span><\/span><\/span><br \/>\n<span class=\"wpcf7-form-control-wrap\" data-name=\"Schild_unlesbar\"><span class=\"wpcf7-form-control wpcf7-checkbox\"><span class=\"wpcf7-list-item first last\"><input type=\"checkbox\" name=\"Schild_unlesbar[]\" value=\"Verkehrsschild oder Stra\u00dfenschild unlesbar\" \/><span class=\"wpcf7-list-item-label\">Verkehrsschild oder Stra\u00dfenschild unlesbar<\/span><\/span><\/span><\/span><br \/>\n<span class=\"wpcf7-form-control-wrap\" data-name=\"Schild_verschmutzt\"><span class=\"wpcf7-form-control wpcf7-checkbox\"><span class=\"wpcf7-list-item first last\"><input type=\"checkbox\" name=\"Schild_verschmutzt[]\" value=\"Verkehrsschild oder Stra\u00dfenschild verschmutzt\" \/><span class=\"wpcf7-list-item-label\">Verkehrsschild oder Stra\u00dfenschild verschmutzt<\/span><\/span><\/span><\/span><br \/>\n<span class=\"wpcf7-form-control-wrap\" data-name=\"Verunreinigung\"><span class=\"wpcf7-form-control wpcf7-checkbox\"><span class=\"wpcf7-list-item first last\"><input type=\"checkbox\" name=\"Verunreinigung[]\" value=\"Verunreinigung\" \/><span class=\"wpcf7-list-item-label\">Verunreinigung<\/span><\/span><\/span><\/span><br \/>\n<br \/>\nSonstiger Hinweis\/Ihre Idee:<br \/>\n<br \/>\n<span class=\"wpcf7-form-control-wrap\" data-name=\"Hinweis_Idee\"><textarea cols=\"40\" rows=\"10\" maxlength=\"2000\" class=\"wpcf7-form-control wpcf7-textarea\" aria-invalid=\"false\" name=\"Hinweis_Idee\"><\/textarea><\/span>\n<\/p>\n<p class=\"datenschutz\"><br \/>\n<strong>Datenschutz<\/strong><br \/>\n<br \/>\n<span class=\"wpcf7-form-control-wrap\" data-name=\"DSGVO\"><span class=\"wpcf7-form-control wpcf7-acceptance\"><span class=\"wpcf7-list-item\"><input type=\"checkbox\" name=\"DSGVO\" value=\"1\" aria-invalid=\"false\" \/><\/span><\/span><\/span> Ich stimme zu, dass meine Angaben aus dem Kontaktformular zur Beantwortung meiner Anfrage erhoben und verarbeitet werden. Die Daten werden f\u00fcr 10 Jahre gespeichert oder auf Wunsch gel\u00f6scht.<br \/>\nHinweis: Sie k\u00f6nnen Ihre Einwilligung jederzeit f\u00fcr die Zukunft per E-Mail an info@gemeinde-ploetzkau.de widerrufen. Detaillierte Informationen zum Umgang mit Nutzerdaten finden Sie in unserer <a href=\"https:\/\/gemeinde-ploetzkau.de\/?page_id=58\">Datenschutzerkl\u00e4rung<\/a>.\n<\/p>\n<p><input class=\"wpcf7-form-control wpcf7-submit has-spinner\" type=\"submit\" value=\"Senden\" \/>\n<\/p><div class=\"wpcf7-response-output\" aria-hidden=\"true\"><\/div>\n<\/form>\n<\/div>\n\n\n\n\n<p><\/p>\n","protected":false},"excerpt":{"rendered":"<p>Sehr geehrte B\u00fcrgerinnen und B\u00fcrger, sehr geehrte G\u00e4ste, unter dem Motto &#8222;Viele sehen mehr&#8220; m\u00f6chten wir Sie um Ihre Mithilfe bitten. F\u00fcr Ihre Hinweise sind wir Ihnen dankbar. Ist Ihnen etwas aufgefallen? Mit diesem Formular haben Sie die Gelegenheit, uns<\/p>\n","protected":false},"author":2,"featured_media":0,"parent":0,"menu_order":0,"comment_status":"closed","ping_status":"closed","template":"","meta":{"footnotes":""},"class_list":["post-183","page","type-page","status-publish","hentry","","tg-column-two"],"_links":{"self":[{"href":"https:\/\/gemeinde-ploetzkau.de\/index.php?rest_route=\/wp\/v2\/pages\/183","targetHints":{"allow":["GET"]}}],"collection":[{"href":"https:\/\/gemeinde-ploetzkau.de\/index.php?rest_route=\/wp\/v2\/pages"}],"about":[{"href":"https:\/\/gemeinde-ploetzkau.de\/index.php?rest_route=\/wp\/v2\/types\/page"}],"author":[{"embeddable":true,"href":"https:\/\/gemeinde-ploetzkau.de\/index.php?rest_route=\/wp\/v2\/users\/2"}],"replies":[{"embeddable":true,"href":"https:\/\/gemeinde-ploetzkau.de\/index.php?rest_route=%2Fwp%2Fv2%2Fcomments&post=183"}],"version-history":[{"count":2,"href":"https:\/\/gemeinde-ploetzkau.de\/index.php?rest_route=\/wp\/v2\/pages\/183\/revisions"}],"predecessor-version":[{"id":187,"href":"https:\/\/gemeinde-ploetzkau.de\/index.php?rest_route=\/wp\/v2\/pages\/183\/revisions\/187"}],"wp:attachment":[{"href":"https:\/\/gemeinde-ploetzkau.de\/index.php?rest_route=%2Fwp%2Fv2%2Fmedia&parent=183"}],"curies":[{"name":"wp","href":"https:\/\/api.w.org\/{rel}","templated":true}]}}